{"id":120,"date":"2023-07-06T18:03:22","date_gmt":"2023-07-06T23:03:22","guid":{"rendered":"https:\/\/sai.appcotecnova.es\/?page_id=120"},"modified":"2024-05-29T11:40:10","modified_gmt":"2024-05-29T16:40:10","slug":"como-vamos","status":"publish","type":"page","link":"https:\/\/aseguramiento.cotecnova.edu.co\/","title":{"rendered":"C\u00f3mo vamos"},"content":{"rendered":"<div  class='avia-slideshow av-lpbncykz-19f4afcec195142f1acde621f413c755 avia-slideshow-featured av_slideshow avia-slide-slider  avia-builder-el-0  el_before_av_magazine  avia-builder-el-first  av-slideshow-ui av-control-default av-slideshow-manual av-loop-once av-loop-manual-endless av-default-height-applied avia-slideshow-1' data-slideshow-options=\"{&quot;animation&quot;:&quot;slide&quot;,&quot;autoplay&quot;:false,&quot;loop_autoplay&quot;:&quot;once&quot;,&quot;interval&quot;:5,&quot;loop_manual&quot;:&quot;manual-endless&quot;,&quot;autoplay_stopper&quot;:false,&quot;noNavigation&quot;:false,&quot;bg_slider&quot;:false,&quot;keep_padding&quot;:false,&quot;hoverpause&quot;:false,&quot;show_slide_delay&quot;:0}\"  itemprop=\"image\" itemscope=\"itemscope\" itemtype=\"https:\/\/schema.org\/ImageObject\" ><ul class='avia-slideshow-inner ' style='padding-bottom: 28.666666666667%;'><li  class='avia-slideshow-slide av-lpbncykz-19f4afcec195142f1acde621f413c755__0  av-single-slide slide-1 slide-odd'><div data-rel='slideshow-1' class='avia-slide-wrap '   ><img decoding=\"async\" class=\"wp-image-189 avia-img-lazy-loading-not-189\"  src=\"https:\/\/aseguramiento.cotecnova.edu.co\/wp-content\/uploads\/2023\/11\/Como-vamos-SAI-1500x430.png\" width=\"1500\" height=\"430\" title='C\u00f3mo-vamos-SAI' alt=''  itemprop=\"thumbnailUrl\" srcset=\"https:\/\/aseguramiento.cotecnova.edu.co\/wp-content\/uploads\/2023\/11\/Como-vamos-SAI-1500x430.png 1500w, https:\/\/aseguramiento.cotecnova.edu.co\/wp-content\/uploads\/2023\/11\/Como-vamos-SAI-300x85.png 300w\" sizes=\"(max-width: 1500px) 100vw, 1500px\" \/><\/div><\/li><\/ul><\/div>\n<div  id=\"avia-magazine-1\"  class='av-magazine av-lsag7d44-9f6c08d74adae109ad8328cb3fe7ab31 av-magazine-top-bar-active av-magazine-tabs-active  avia-builder-el-1  el_after_av_slideshow  avia-builder-el-last   avia-builder-el-1  el_after_av_slideshow  avia-builder-el-last ' ><div class='av-magazine-top-bar '><\/div><div class='av-magazine-group sort_all'><article class='av-magazine-entry av-magazine-entry-id-357 av-magazine-format-standard av-magazine-type-post av-magazine-entry-1 av-magazine-entry-small av-magazine-no-thumb'  itemscope=\"itemscope\" itemtype=\"https:\/\/schema.org\/CreativeWork\" ><div class=\"av-magazine-content-wrap\"><header class=\"entry-content-header\"><time class='av-magazine-time updated'  itemprop=\"datePublished\" datetime=\"2026-04-30T17:16:26-05:00\" >30 abril, 2026<\/time><span class=\"av-magazine-author-wrap\"><span class=\"av-magazine-text-sep text-sep-date\">\/<\/span><span class=\"av-magazine-author minor-meta\">by <span class=\"av-magazine-author-link\"  itemprop=\"author\" ><span class=\"av-magazine-author meta-color author\"><span class=\"fn\"><a href=\"https:\/\/aseguramiento.cotecnova.edu.co\/?author=2\" title=\"by Ramon Fredy Quebrada\" rel=\"author\">Ramon Fredy Quebrada<\/a><\/span><\/span><\/span><\/span><\/span><h3 class='av-magazine-title entry-title '  itemprop=\"headline\" ><a href='https:\/\/aseguramiento.cotecnova.edu.co\/?p=357' title='Link to: Evaluarnos para Crecer: As\u00ed nos preparamos para nuestra Autoevaluaci\u00f3n trienal'>Evaluarnos para Crecer: As\u00ed nos preparamos para nuestra Autoevaluaci\u00f3n trienal<\/a><\/h3><\/header><\/div><footer class=\"entry-footer\"><\/footer><\/article><article class='av-magazine-entry av-magazine-entry-id-351 av-magazine-format-standard av-magazine-type-post av-magazine-entry-2 av-magazine-entry-small av-magazine-no-thumb'  itemscope=\"itemscope\" itemtype=\"https:\/\/schema.org\/CreativeWork\" ><div class=\"av-magazine-content-wrap\"><header class=\"entry-content-header\"><time class='av-magazine-time updated'  itemprop=\"datePublished\" datetime=\"2025-11-28T20:02:18-05:00\" >28 noviembre, 2025<\/time><span class=\"av-magazine-author-wrap\"><span class=\"av-magazine-text-sep text-sep-date\">\/<\/span><span class=\"av-magazine-author minor-meta\">by <span class=\"av-magazine-author-link\"  itemprop=\"author\" ><span class=\"av-magazine-author meta-color author\"><span class=\"fn\"><a href=\"https:\/\/aseguramiento.cotecnova.edu.co\/?author=2\" title=\"by Ramon Fredy Quebrada\" rel=\"author\">Ramon Fredy Quebrada<\/a><\/span><\/span><\/span><\/span><\/span><h3 class='av-magazine-title entry-title '  itemprop=\"headline\" ><a href='https:\/\/aseguramiento.cotecnova.edu.co\/?p=351' title='Link to: Cotecnova concluye la ejecuci\u00f3n del plan de mejoramiento institucional 2024 &#8211; 2025'>Cotecnova concluye la ejecuci\u00f3n del plan de mejoramiento institucional 2024 &#8211; 2025<\/a><\/h3><\/header><\/div><footer class=\"entry-footer\"><\/footer><\/article><article class='av-magazine-entry av-magazine-entry-id-332 av-magazine-format-standard av-magazine-type-post av-magazine-entry-3 av-magazine-entry-small av-magazine-no-thumb'  itemscope=\"itemscope\" itemtype=\"https:\/\/schema.org\/CreativeWork\" ><div class=\"av-magazine-content-wrap\"><header class=\"entry-content-header\"><time class='av-magazine-time updated'  itemprop=\"datePublished\" datetime=\"2025-08-19T16:33:36-05:00\" >19 agosto, 2025<\/time><span class=\"av-magazine-author-wrap\"><span class=\"av-magazine-text-sep text-sep-date\">\/<\/span><span class=\"av-magazine-author minor-meta\">by <span class=\"av-magazine-author-link\"  itemprop=\"author\" ><span class=\"av-magazine-author meta-color author\"><span class=\"fn\"><a href=\"https:\/\/aseguramiento.cotecnova.edu.co\/?author=2\" title=\"by Ramon Fredy Quebrada\" rel=\"author\">Ramon Fredy Quebrada<\/a><\/span><\/span><\/span><\/span><\/span><h3 class='av-magazine-title entry-title '  itemprop=\"headline\" ><a href='https:\/\/aseguramiento.cotecnova.edu.co\/?p=332' title='Link to: Cotecnova Autoeval\u00faa sus Programas Acad\u00e9micos'>Cotecnova Autoeval\u00faa sus Programas Acad\u00e9micos<\/a><\/h3><\/header><\/div><footer class=\"entry-footer\"><\/footer><\/article><article class='av-magazine-entry av-magazine-entry-id-319 av-magazine-format-standard av-magazine-type-post av-magazine-entry-4 av-magazine-entry-small av-magazine-no-thumb'  itemscope=\"itemscope\" itemtype=\"https:\/\/schema.org\/CreativeWork\" ><div class=\"av-magazine-content-wrap\"><header class=\"entry-content-header\"><time class='av-magazine-time updated'  itemprop=\"datePublished\" datetime=\"2025-05-26T15:46:52-05:00\" >26 mayo, 2025<\/time><span class=\"av-magazine-author-wrap\"><span class=\"av-magazine-text-sep text-sep-date\">\/<\/span><span class=\"av-magazine-author minor-meta\">by <span class=\"av-magazine-author-link\"  itemprop=\"author\" ><span class=\"av-magazine-author meta-color author\"><span class=\"fn\"><a href=\"https:\/\/aseguramiento.cotecnova.edu.co\/?author=2\" title=\"by Ramon Fredy Quebrada\" rel=\"author\">Ramon Fredy Quebrada<\/a><\/span><\/span><\/span><\/span><\/span><h3 class='av-magazine-title entry-title '  itemprop=\"headline\" ><a href='https:\/\/aseguramiento.cotecnova.edu.co\/?p=319' title='Link to: 1er Reporte de logros de mejoramiento del 2025'>1er Reporte de logros de mejoramiento del 2025<\/a><\/h3><\/header><\/div><footer class=\"entry-footer\"><\/footer><\/article><article class='av-magazine-entry av-magazine-entry-id-312 av-magazine-format-standard av-magazine-type-post av-magazine-entry-5 av-magazine-entry-small av-magazine-no-thumb'  itemscope=\"itemscope\" itemtype=\"https:\/\/schema.org\/CreativeWork\" ><div class=\"av-magazine-content-wrap\"><header class=\"entry-content-header\"><time class='av-magazine-time updated'  itemprop=\"datePublished\" datetime=\"2025-04-29T16:38:04-05:00\" >29 abril, 2025<\/time><span class=\"av-magazine-author-wrap\"><span class=\"av-magazine-text-sep text-sep-date\">\/<\/span><span class=\"av-magazine-author minor-meta\">by <span class=\"av-magazine-author-link\"  itemprop=\"author\" ><span class=\"av-magazine-author meta-color author\"><span class=\"fn\"><a href=\"https:\/\/aseguramiento.cotecnova.edu.co\/?author=2\" title=\"by Ramon Fredy Quebrada\" rel=\"author\">Ramon Fredy Quebrada<\/a><\/span><\/span><\/span><\/span><\/span><h3 class='av-magazine-title entry-title '  itemprop=\"headline\" ><a href='https:\/\/aseguramiento.cotecnova.edu.co\/?p=312' title='Link to: La instituci\u00f3n sigue la ruta del mejoramiento'>La instituci\u00f3n sigue la ruta del mejoramiento<\/a><\/h3><\/header><\/div><footer class=\"entry-footer\"><\/footer><\/article><\/div><\/div>\n","protected":false},"excerpt":{"rendered":"","protected":false},"author":2,"featured_media":0,"parent":0,"menu_order":0,"comment_status":"closed","ping_status":"closed","template":"","meta":{"footnotes":""},"class_list":["post-120","page","type-page","status-publish","hentry"],"_links":{"self":[{"href":"https:\/\/aseguramiento.cotecnova.edu.co\/index.php?rest_route=\/wp\/v2\/pages\/120","targetHints":{"allow":["GET"]}}],"collection":[{"href":"https:\/\/aseguramiento.cotecnova.edu.co\/index.php?rest_route=\/wp\/v2\/pages"}],"about":[{"href":"https:\/\/aseguramiento.cotecnova.edu.co\/index.php?rest_route=\/wp\/v2\/types\/page"}],"author":[{"embeddable":true,"href":"https:\/\/aseguramiento.cotecnova.edu.co\/index.php?rest_route=\/wp\/v2\/users\/2"}],"replies":[{"embeddable":true,"href":"https:\/\/aseguramiento.cotecnova.edu.co\/index.php?rest_route=%2Fwp%2Fv2%2Fcomments&post=120"}],"version-history":[{"count":12,"href":"https:\/\/aseguramiento.cotecnova.edu.co\/index.php?rest_route=\/wp\/v2\/pages\/120\/revisions"}],"predecessor-version":[{"id":284,"href":"https:\/\/aseguramiento.cotecnova.edu.co\/index.php?rest_route=\/wp\/v2\/pages\/120\/revisions\/284"}],"wp:attachment":[{"href":"https:\/\/aseguramiento.cotecnova.edu.co\/index.php?rest_route=%2Fwp%2Fv2%2Fmedia&parent=120"}],"curies":[{"name":"wp","href":"https:\/\/api.w.org\/{rel}","templated":true}]}}