{"id":63,"date":"2023-07-06T09:52:23","date_gmt":"2023-07-06T14:52:23","guid":{"rendered":"https:\/\/sai.appcotecnova.es\/?page_id=63"},"modified":"2024-10-15T15:39:35","modified_gmt":"2024-10-15T20:39:35","slug":"normatividad","status":"publish","type":"page","link":"https:\/\/aseguramiento.cotecnova.edu.co\/?page_id=63","title":{"rendered":"Normatividad"},"content":{"rendered":"<div  class='avia-slideshow av-lpbm80t8-ff0ed465bb624d2ef3709158c0a9a575 avia-slideshow-featured av_slideshow avia-slide-slider  avia-builder-el-0  el_before_av_textblock  avia-builder-el-first  av-slideshow-ui av-control-default av-slideshow-manual av-loop-once av-loop-manual-endless av-default-height-applied avia-slideshow-1' data-slideshow-options=\"{&quot;animation&quot;:&quot;slide&quot;,&quot;autoplay&quot;:false,&quot;loop_autoplay&quot;:&quot;once&quot;,&quot;interval&quot;:5,&quot;loop_manual&quot;:&quot;manual-endless&quot;,&quot;autoplay_stopper&quot;:false,&quot;noNavigation&quot;:false,&quot;bg_slider&quot;:false,&quot;keep_padding&quot;:false,&quot;hoverpause&quot;:false,&quot;show_slide_delay&quot;:0}\"  itemprop=\"image\" itemscope=\"itemscope\" itemtype=\"https:\/\/schema.org\/ImageObject\" ><ul class='avia-slideshow-inner ' style='padding-bottom: 28.666666666667%;'><li  class='avia-slideshow-slide av-lpbm80t8-ff0ed465bb624d2ef3709158c0a9a575__0  av-single-slide slide-1 slide-odd'><div data-rel='slideshow-1' class='avia-slide-wrap '   ><img decoding=\"async\" class=\"wp-image-179 avia-img-lazy-loading-not-179\"  src=\"https:\/\/aseguramiento.cotecnova.edu.co\/wp-content\/uploads\/2023\/11\/Normatividad-SAI-1500x430.png\" width=\"1500\" height=\"430\" title='Normatividad SAI' alt=''  itemprop=\"thumbnailUrl\" srcset=\"https:\/\/aseguramiento.cotecnova.edu.co\/wp-content\/uploads\/2023\/11\/Normatividad-SAI-1500x430.png 1500w, https:\/\/aseguramiento.cotecnova.edu.co\/wp-content\/uploads\/2023\/11\/Normatividad-SAI-300x85.png 300w\" sizes=\"(max-width: 1500px) 100vw, 1500px\" \/><\/div><\/li><\/ul><\/div>\n<section  class='av_textblock_section av-lpbm7rkd-97bc94602bc4b13e77886b8c15094e28'  itemscope=\"itemscope\" itemtype=\"https:\/\/schema.org\/CreativeWork\" ><div class='avia_textblock'  itemprop=\"text\" ><p>El Sistema Interno de Aseguramiento de la Calidad -SAI de la Corporaci\u00f3n de Estudios Tecnol\u00f3gicos del Norte del Valle se ci\u00f1e al marco normativo del sector y a los lineamientos internos as\u00ed:<\/p>\n<p><strong>Normatividad Externa<\/strong><\/p>\n<ul>\n<li style=\"list-style-type: none;\">\n<ul>\n<li>Ley 30 de 1992, por la cual se organiza el servicio p\u00fablico de la Educaci\u00f3n Superior.<\/li>\n<li>Ley 1188 de 2008, Por la cual se regula el registro calificado de los programas de educaci\u00f3n superior.<\/li>\n<li>Decreto 1075 de 2015 &#8211; \u00danico Reglamentario del Sector Educaci\u00f3n.<\/li>\n<li>Decreto 1330 de julio 25 de 2019, por el cual se sustituye el Cap\u00edtulo 2 y se suprime el Cap\u00edtulo 7 del T\u00edtulo 3 de la Parte 5 del Libro 2 del Decreto 1075 de 2015 &#8211; \u00danico Reglamentario del Sector Educaci\u00f3n.<\/li>\n<li>Acuerdo 02 de 2020 del CESU, por el cual se actualiza el modelo de acreditaci\u00f3n en alta calidad.<\/li>\n<li>Resoluci\u00f3n 15224 de 2020 del MEN, par\u00e1metros de autoevaluaci\u00f3n, verificaci\u00f3n y evaluaci\u00f3n de las condiciones de calidad de car\u00e1cter institucional (derogada mediante Resoluci\u00f3n 2265 de 2023 del MEN)<\/li>\n<li>Resoluci\u00f3n 21795 de 2020 del MEN, par\u00e1metros de autoevaluaci\u00f3n, verificaci\u00f3n y evaluaci\u00f3n de las condiciones de calidad de programa (derogada mediante Resoluci\u00f3n 2265 de 2023 del MEN)<\/li>\n<li>Reconocimiento de Condiciones Institucionales \u2013 Concepto favorable, caso Pre 517 Emitido por el Viceministerio de Educaci\u00f3n Superior, 28 de diciembre de 2022.<\/li>\n<li>Acuerdo 04 de 2022 del CESU, por el cual se modifican el par\u00e1grafo 1 del art\u00edculo 26 y el art\u00edculo 42 del Acuerdo 02 de 2020 que actualiza el Modelo de Acreditaci\u00f3n en Alta Calidad.<\/li>\n<li>Decreto 0529 de abril 29 de 2024, Por medio del cual se modifica parcialmente el cap\u00edtulo 2 del T\u00edtulo 3 de la Parte 5 del Libro 2 del Decreto 1075 de 2015 &#8211; \u00danico Reglamentario del Sector Educaci\u00f3n.<\/li>\n<\/ul>\n<\/li>\n<\/ul>\n<ul>\n<li style=\"list-style-type: none;\">\n<ul>\n<li style=\"list-style-type: none;\"><\/li>\n<\/ul>\n<\/li>\n<\/ul>\n<p><strong>Normatividad Interna<\/strong><\/p>\n<ul class=\"wp-block-list\">\n<li style=\"list-style-type: none;\">\n<ul><\/ul>\n<\/li>\n<\/ul>\n<ul>\n<li style=\"list-style-type: none;\">\n<ul>\n<li>Acuerdo de Consejo Acad\u00e9mico 008 de 2020, Metodolog\u00eda de Autoevaluaci\u00f3n y Autorregulaci\u00f3n institucional.<\/li>\n<li>Acuerdo de Consejo Acad\u00e9mico 010 de 2021, actualizaci\u00f3n de la Pol\u00edtica de Autoevaluaci\u00f3n, autorregulaci\u00f3n y de mejoramiento continuo.<\/li>\n<li>Acuerdo de Consejo Acad\u00e9mico 012 de 2021, Ratificaci\u00f3n del Sistema de Informaci\u00f3n Acad\u00e9mica.<\/li>\n<li>Resoluci\u00f3n de Rector\u00eda 042 de 2021, Redefinici\u00f3n del Comit\u00e9 de Calidad Institucional.<\/li>\n<li>Acuerdo de Consejo Acad\u00e9mico 003 de 2022, Pol\u00edtica de Aseguramiento Interno de la Calidad.<\/li>\n<li>Acuerdo de Consejo Acad\u00e9mico 005 de 2022, Lineamientos de autoevaluaci\u00f3n de programas acad\u00e9micos.<\/li>\n<li>Acuerdo de Consejo Acad\u00e9mico 009 de 2023, actualizaci\u00f3n del manual del Sistema Interno de Aseguramiento de la Calidad.<\/li>\n<li>Acuerdo de Consejo Acad\u00e9mico 010 de 2023, Criterios de Autoevaluaci\u00f3n, autorregulaci\u00f3n y mejoramiento de condiciones de calidad institucional.<\/li>\n<\/ul>\n<\/li>\n<\/ul>\n<\/div><\/section>\n","protected":false},"excerpt":{"rendered":"","protected":false},"author":2,"featured_media":0,"parent":0,"menu_order":0,"comment_status":"closed","ping_status":"closed","template":"","meta":{"footnotes":""},"class_list":["post-63","page","type-page","status-publish","hentry"],"_links":{"self":[{"href":"https:\/\/aseguramiento.cotecnova.edu.co\/index.php?rest_route=\/wp\/v2\/pages\/63","targetHints":{"allow":["GET"]}}],"collection":[{"href":"https:\/\/aseguramiento.cotecnova.edu.co\/index.php?rest_route=\/wp\/v2\/pages"}],"about":[{"href":"https:\/\/aseguramiento.cotecnova.edu.co\/index.php?rest_route=\/wp\/v2\/types\/page"}],"author":[{"embeddable":true,"href":"https:\/\/aseguramiento.cotecnova.edu.co\/index.php?rest_route=\/wp\/v2\/users\/2"}],"replies":[{"embeddable":true,"href":"https:\/\/aseguramiento.cotecnova.edu.co\/index.php?rest_route=%2Fwp%2Fv2%2Fcomments&post=63"}],"version-history":[{"count":9,"href":"https:\/\/aseguramiento.cotecnova.edu.co\/index.php?rest_route=\/wp\/v2\/pages\/63\/revisions"}],"predecessor-version":[{"id":297,"href":"https:\/\/aseguramiento.cotecnova.edu.co\/index.php?rest_route=\/wp\/v2\/pages\/63\/revisions\/297"}],"wp:attachment":[{"href":"https:\/\/aseguramiento.cotecnova.edu.co\/index.php?rest_route=%2Fwp%2Fv2%2Fmedia&parent=63"}],"curies":[{"name":"wp","href":"https:\/\/api.w.org\/{rel}","templated":true}]}}