{"id":65,"date":"2023-07-06T10:01:50","date_gmt":"2023-07-06T15:01:50","guid":{"rendered":"https:\/\/sai.appcotecnova.es\/?page_id=65"},"modified":"2024-01-26T19:18:51","modified_gmt":"2024-01-27T00:18:51","slug":"autoevaluacion-autorregulacion-y-mejora","status":"publish","type":"page","link":"https:\/\/aseguramiento.cotecnova.edu.co\/?page_id=65","title":{"rendered":"Autoevaluaci\u00f3n, Autorregulaci\u00f3n y Mejora"},"content":{"rendered":"<div  class='avia-slideshow av-lnnrob0k-e6247bbdc690495dee4d6b82e125aa45 avia-slideshow-featured av_slideshow avia-slide-slider  avia-builder-el-0  el_before_av_textblock  avia-builder-el-first  av-slideshow-ui av-control-default av-slideshow-manual av-loop-once av-loop-manual-endless av-default-height-applied avia-slideshow-1' data-slideshow-options=\"{&quot;animation&quot;:&quot;slide&quot;,&quot;autoplay&quot;:false,&quot;loop_autoplay&quot;:&quot;once&quot;,&quot;interval&quot;:5,&quot;loop_manual&quot;:&quot;manual-endless&quot;,&quot;autoplay_stopper&quot;:false,&quot;noNavigation&quot;:false,&quot;bg_slider&quot;:false,&quot;keep_padding&quot;:false,&quot;hoverpause&quot;:false,&quot;show_slide_delay&quot;:0}\"  itemprop=\"image\" itemscope=\"itemscope\" itemtype=\"https:\/\/schema.org\/ImageObject\" ><ul class='avia-slideshow-inner ' style='padding-bottom: 28.666666666667%;'><li  class='avia-slideshow-slide av-lnnrob0k-e6247bbdc690495dee4d6b82e125aa45__0  av-single-slide slide-1 slide-odd'><div data-rel='slideshow-1' class='avia-slide-wrap '   ><img decoding=\"async\" class=\"wp-image-180 avia-img-lazy-loading-not-180\"  src=\"https:\/\/aseguramiento.cotecnova.edu.co\/wp-content\/uploads\/2023\/11\/Autoevaluacion-SAI-1663x470px-1-1500x430.png\" width=\"1500\" height=\"430\" title='Autoevaluaci\u00f3n-SAI-1663x470px' alt=''  itemprop=\"thumbnailUrl\" srcset=\"https:\/\/aseguramiento.cotecnova.edu.co\/wp-content\/uploads\/2023\/11\/Autoevaluacion-SAI-1663x470px-1-1500x430.png 1500w, https:\/\/aseguramiento.cotecnova.edu.co\/wp-content\/uploads\/2023\/11\/Autoevaluacion-SAI-1663x470px-1-300x85.png 300w\" sizes=\"(max-width: 1500px) 100vw, 1500px\" \/><\/div><\/li><\/ul><\/div>\n<section  class='av_textblock_section av-nkw5-ccb203b2b0e8693e66926904acbbf1d4'  itemscope=\"itemscope\" itemtype=\"https:\/\/schema.org\/CreativeWork\" ><div class='avia_textblock'  itemprop=\"text\" ><p>La Autoevaluaci\u00f3n, Autorregulaci\u00f3n y el Mejoramiento son parte intr\u00ednseca de la cultura de la calidad, siendo as\u00ed parte de las actividades esenciales del Sistema Interno de Aseguramiento de la Calidad \u2013SAI para el mejoramiento continuo en la b\u00fasqueda de la excelencia.<\/p>\n<p>La Autoevaluaci\u00f3n, Autorregulaci\u00f3n y el Mejoramiento es coordinada por el Comit\u00e9 de Calidad Institucional, con el apoyo de la Direcci\u00f3n de Aseguramiento Interno de la Calidad. Esta actividad se organiza en dos frentes: la autoevaluaci\u00f3n institucional y la autoevaluaci\u00f3n de programas acad\u00e9micos.<\/p>\n<p>Estas actividades se desarrollan de acuerdo a los lineamientos del Ministerio de Educaci\u00f3n Nacional, lo establecido institucionalmente en la Pol\u00edtica de Autoevaluaci\u00f3n, Autorregulaci\u00f3n y Mejora, las metodolog\u00edas de autoevaluaci\u00f3n, los criterios de referencia definidos; aplicando los instrumentos, herramientas y mecanismos definidos para tal fin.<\/p>\n<p>La autoevaluaci\u00f3n, Autorregulaci\u00f3n y Mejoramiento tanto para los aspectos institucionales como para los programas acad\u00e9micos, tienen una periodicidad de aplicaci\u00f3n de tres (3) a\u00f1os, de manera que se permita el planteamiento y desarrollo de los planes de mejoramiento derivados de estos ejercicios.<\/p>\n<p>Para lo anterior, la instituci\u00f3n ha establecido la Pol\u00edtica de Autoevaluaci\u00f3n, Autorregulaci\u00f3n y de Mejoramiento, actualizada seg\u00fan el Acuerdo de Consejo Acad\u00e9mico 010 de 2021, concret\u00e1ndose en la siguiente declaraci\u00f3n:<\/p>\n<p><em><strong>\u201cLa Corporaci\u00f3n de Estudios Tecnol\u00f3gicos del Norte del Valle declara su compromiso permanente con la calidad, promoviendo procesos individuales e institucionales articulados de autoevaluaci\u00f3n, autorregulaci\u00f3n y de mejoramiento, continuos, con alcance a todos sus componentes misionales y administrativos propendiendo por el logro de sus prop\u00f3sitos institucionales de acuerdo a su naturaleza, tipolog\u00eda, identidad y misi\u00f3n\u201d<\/strong><\/em><\/p>\n<p>A partir de esta pol\u00edtica, la autoevaluaci\u00f3n, autorregulaci\u00f3n y el mejoramiento se despliegan siguiendo las fases de la Metodolog\u00eda de Autoevaluaci\u00f3n Institucional y de Programas Acad\u00e9micos:<\/p>\n<p><img loading=\"lazy\" decoding=\"async\" class=\"aligncenter wp-image-201\" src=\"https:\/\/sai.appcotecnova.es\/wp-content\/uploads\/2024\/01\/metodologia-autoeval-institucional-300x149.png\" alt=\"\" width=\"500\" height=\"249\" srcset=\"https:\/\/aseguramiento.cotecnova.edu.co\/wp-content\/uploads\/2024\/01\/metodologia-autoeval-institucional-300x149.png 300w, https:\/\/aseguramiento.cotecnova.edu.co\/wp-content\/uploads\/2024\/01\/metodologia-autoeval-institucional-768x382.png 768w, https:\/\/aseguramiento.cotecnova.edu.co\/wp-content\/uploads\/2024\/01\/metodologia-autoeval-institucional-705x351.png 705w, https:\/\/aseguramiento.cotecnova.edu.co\/wp-content\/uploads\/2024\/01\/metodologia-autoeval-institucional.png 876w\" sizes=\"auto, (max-width: 500px) 100vw, 500px\" \/><\/p>\n<p style=\"text-align: center;\">Fuente: Metodolog\u00eda de Autoevaluaci\u00f3n, Autorregulaci\u00f3n y Mejoramiento<\/p>\n<p>El proceso de autoevaluaci\u00f3n en la Corporaci\u00f3n de Estudios Tecnol\u00f3gicos del Norte del Valle propende por la participaci\u00f3n de toda la comunidad institucional, tanto acad\u00e9mica como administrativa; en este punto, las personas toman vital importancia para desarrollar de manera \u00f3ptima la autoevaluaci\u00f3n y se pueden clasificar entre los que participan de manera activa y directa en cada una de las etapas de la metodolog\u00eda, y los que facilitan la realizaci\u00f3n de tareas en forma \u00e1gil y eficiente, a trav\u00e9s de las herramientas y todo el apoyo metodol\u00f3gico necesario para dicho prop\u00f3sito, adem\u00e1s de desarrollar el papel fundamental en el suministro y soporte de la informaci\u00f3n actualizada.<\/p>\n<p>A continuaci\u00f3n, se relacionan los actores que hacen parte integral del proceso de autoevaluaci\u00f3n:<\/p>\n<p><strong>Comit\u00e9 de Calidad Institucional<\/strong>: este Comit\u00e9, redefinido mediante la Resoluci\u00f3n de Rector\u00eda 042 de 2021, tiene entre sus prop\u00f3sitos regular el funcionamiento de las fases de planeaci\u00f3n, organizaci\u00f3n, ejecuci\u00f3n y control del SAI con la participaci\u00f3n de los distintos procesos institucionales, tomando como base la autoevaluaci\u00f3n y autorregulaci\u00f3n, fomentando compromisos y procesos en torno a la calidad acad\u00e9mica institucional.<\/p>\n<p><strong>Aseguramiento de la Calidad<\/strong>: encargada de liderar la aplicaci\u00f3n de los instrumentos de medici\u00f3n y la operativizaci\u00f3n del proceso de autoevaluaci\u00f3n en la instituci\u00f3n.<\/p>\n<p><strong>\u00c1reas de apoyo<\/strong>: hace referencia a las diferentes unidades tanto acad\u00e9micas como administrativas que componen la estructura organizacional de la IES, las cuales est\u00e1n encargadas de suministrar informaci\u00f3n acorde a las condiciones o factores del proceso que se lleve a cabo. Entre las unidades descritas se encuentran: Registro y Control, Vicerrector\u00eda Acad\u00e9mica, Investigaci\u00f3n, Relaci\u00f3n con el Sector Externo, Bienestar Institucional, entre otras.<\/p>\n<p><strong>Comunidad institucional<\/strong>: en la autoevaluaci\u00f3n como un proceso participativo convergen estudiantes, profesores, egresados y administrativos, quienes valoran el grado de calidad de las condiciones de los programas e instituci\u00f3n, para establecer planes de mejoramiento que permitan consolidar las estrategias institucionales.<\/p>\n<\/div><\/section>\n","protected":false},"excerpt":{"rendered":"","protected":false},"author":2,"featured_media":0,"parent":0,"menu_order":0,"comment_status":"closed","ping_status":"closed","template":"","meta":{"footnotes":""},"class_list":["post-65","page","type-page","status-publish","hentry"],"_links":{"self":[{"href":"https:\/\/aseguramiento.cotecnova.edu.co\/index.php?rest_route=\/wp\/v2\/pages\/65","targetHints":{"allow":["GET"]}}],"collection":[{"href":"https:\/\/aseguramiento.cotecnova.edu.co\/index.php?rest_route=\/wp\/v2\/pages"}],"about":[{"href":"https:\/\/aseguramiento.cotecnova.edu.co\/index.php?rest_route=\/wp\/v2\/types\/page"}],"author":[{"embeddable":true,"href":"https:\/\/aseguramiento.cotecnova.edu.co\/index.php?rest_route=\/wp\/v2\/users\/2"}],"replies":[{"embeddable":true,"href":"https:\/\/aseguramiento.cotecnova.edu.co\/index.php?rest_route=%2Fwp%2Fv2%2Fcomments&post=65"}],"version-history":[{"count":11,"href":"https:\/\/aseguramiento.cotecnova.edu.co\/index.php?rest_route=\/wp\/v2\/pages\/65\/revisions"}],"predecessor-version":[{"id":202,"href":"https:\/\/aseguramiento.cotecnova.edu.co\/index.php?rest_route=\/wp\/v2\/pages\/65\/revisions\/202"}],"wp:attachment":[{"href":"https:\/\/aseguramiento.cotecnova.edu.co\/index.php?rest_route=%2Fwp%2Fv2%2Fmedia&parent=65"}],"curies":[{"name":"wp","href":"https:\/\/api.w.org\/{rel}","templated":true}]}}